{"id":1669,"date":"2022-09-01T21:57:42","date_gmt":"2022-09-01T21:57:42","guid":{"rendered":"https:\/\/startertemplatecloud.com\/g71\/donation-failed\/"},"modified":"2022-09-01T21:57:42","modified_gmt":"2022-09-01T21:57:42","slug":"donation-failed","status":"publish","type":"page","link":"https:\/\/plasticrecyclingmachinery.com\/tr\/donation-failed\/","title":{"rendered":"Ba\u011f\u0131\u015f Ba\u015far\u0131s\u0131z Oldu"},"content":{"rendered":"<p>\u00dczg\u00fcn\u00fcz, ba\u011f\u0131\u015f\u0131n\u0131z i\u015fleme koyulamad\u0131. L\u00fctfen tekrar deneyin veya site deste\u011fiyle ileti\u015fime ge\u00e7in.<\/p>","protected":false},"excerpt":{"rendered":"<p>\u00dczg\u00fcn\u00fcz, ba\u011f\u0131\u015f\u0131n\u0131z i\u015fleme koyulamad\u0131. L\u00fctfen tekrar deneyin veya site deste\u011fiyle ileti\u015fime ge\u00e7in.<\/p>","protected":false},"author":1,"featured_media":0,"parent":0,"menu_order":0,"comment_status":"closed","ping_status":"closed","template":"","meta":{"_kad_blocks_custom_css":"","_kad_blocks_head_custom_js":"","_kad_blocks_body_custom_js":"","_kad_blocks_footer_custom_js":"","_kadence_starter_templates_imported_post":true,"_kad_post_transparent":"","_kad_post_title":"","_kad_post_layout":"","_kad_post_sidebar_id":"","_kad_post_content_style":"","_kad_post_vertical_padding":"","_kad_post_feature":"","_kad_post_feature_position":"","_kad_post_header":false,"_kad_post_footer":false,"_kad_post_classname":"","footnotes":""},"class_list":["post-1669","page","type-page","status-publish","hentry"],"taxonomy_info":[],"featured_image_src_large":false,"author_info":{"display_name":"Elena","author_link":"https:\/\/plasticrecyclingmachinery.com\/tr\/author\/adminmolly\/"},"comment_info":0,"_links":{"self":[{"href":"https:\/\/plasticrecyclingmachinery.com\/tr\/wp-json\/wp\/v2\/pages\/1669","targetHints":{"allow":["GET"]}}],"collection":[{"href":"https:\/\/plasticrecyclingmachinery.com\/tr\/wp-json\/wp\/v2\/pages"}],"about":[{"href":"https:\/\/plasticrecyclingmachinery.com\/tr\/wp-json\/wp\/v2\/types\/page"}],"author":[{"embeddable":true,"href":"https:\/\/plasticrecyclingmachinery.com\/tr\/wp-json\/wp\/v2\/users\/1"}],"replies":[{"embeddable":true,"href":"https:\/\/plasticrecyclingmachinery.com\/tr\/wp-json\/wp\/v2\/comments?post=1669"}],"version-history":[{"count":0,"href":"https:\/\/plasticrecyclingmachinery.com\/tr\/wp-json\/wp\/v2\/pages\/1669\/revisions"}],"wp:attachment":[{"href":"https:\/\/plasticrecyclingmachinery.com\/tr\/wp-json\/wp\/v2\/media?parent=1669"}],"curies":[{"name":"wp","href":"https:\/\/api.w.org\/{rel}","templated":true}]}}